{"id":778,"date":"2024-09-05T10:33:28","date_gmt":"2024-09-05T13:33:28","guid":{"rendered":"https:\/\/piradecore.com.br\/?page_id=778"},"modified":"2024-09-05T10:42:31","modified_gmt":"2024-09-05T13:42:31","slug":"politica-de-privacidade","status":"publish","type":"page","link":"https:\/\/piradecore.com.br\/?page_id=778","title":{"rendered":"Politica de Privacidade"},"content":{"rendered":"\t\t<div data-elementor-type=\"wp-page\" data-elementor-id=\"778\" class=\"elementor elementor-778\" data-elementor-post-type=\"page\">\n\t\t\t\t<div class=\"elementor-element elementor-element-5f712fd e-flex e-con-boxed e-con e-parent\" data-id=\"5f712fd\" data-element_type=\"container\">\n\t\t\t\t\t<div class=\"e-con-inner\">\n\t\t\t\t<div class=\"elementor-element elementor-element-37db40a elementor-widget elementor-widget-heading\" data-id=\"37db40a\" data-element_type=\"widget\" data-widget_type=\"heading.default\">\n\t\t\t\t<div class=\"elementor-widget-container\">\n\t\t\t<style>\/*! elementor - v3.23.0 - 05-08-2024 *\/\n.elementor-heading-title{padding:0;margin:0;line-height:1}.elementor-widget-heading .elementor-heading-title[class*=elementor-size-]>a{color:inherit;font-size:inherit;line-height:inherit}.elementor-widget-heading .elementor-heading-title.elementor-size-small{font-size:15px}.elementor-widget-heading .elementor-heading-title.elementor-size-medium{font-size:19px}.elementor-widget-heading .elementor-heading-title.elementor-size-large{font-size:29px}.elementor-widget-heading .elementor-heading-title.elementor-size-xl{font-size:39px}.elementor-widget-heading .elementor-heading-title.elementor-size-xxl{font-size:59px}<\/style><h2 class=\"elementor-heading-title elementor-size-default\">POL\u00cdTICA DE PRIVACIDADE<\/h2>\t\t<\/div>\n\t\t\t\t<\/div>\n\t\t\t\t<div class=\"elementor-element elementor-element-a117f68 elementor-widget elementor-widget-text-editor\" data-id=\"a117f68\" data-element_type=\"widget\" data-widget_type=\"text-editor.default\">\n\t\t\t\t<div class=\"elementor-widget-container\">\n\t\t\t<style>\/*! elementor - v3.23.0 - 05-08-2024 *\/\n.elementor-widget-text-editor.elementor-drop-cap-view-stacked .elementor-drop-cap{background-color:#69727d;color:#fff}.elementor-widget-text-editor.elementor-drop-cap-view-framed .elementor-drop-cap{color:#69727d;border:3px solid;background-color:transparent}.elementor-widget-text-editor:not(.elementor-drop-cap-view-default) .elementor-drop-cap{margin-top:8px}.elementor-widget-text-editor:not(.elementor-drop-cap-view-default) .elementor-drop-cap-letter{width:1em;height:1em}.elementor-widget-text-editor .elementor-drop-cap{float:left;text-align:center;line-height:1;font-size:50px}.elementor-widget-text-editor .elementor-drop-cap-letter{display:inline-block}<\/style>\t\t\t\t<p>A sua privacidade \u00e9 importante para n\u00f3s. Esta Pol\u00edtica de Privacidade explica como coletamos, usamos e protegemos as informa\u00e7\u00f5es pessoais que voc\u00ea fornece ao acessar nosso site.<\/p><p>De acordo com a\u00a0<a style=\"color: #d6b771;\" href=\"https:\/\/www.planalto.gov.br\/ccivil_03\/_ato2015-2018\/2018\/lei\/l13709.htm\">Lei Geral de Prote\u00e7\u00e3o de Dados Pessoais (LGPD)<\/a>, toda pessoa tem o direito \u00e0 informa\u00e7\u00e3o, \u00e0 transpar\u00eancia, \u00e0 liberdade e \u00e0 autonomia na tomada de decis\u00f5es.<\/p><p>Coleta de informa\u00e7\u00f5es pessoais<\/p><p>Podemos coletar informa\u00e7\u00f5es pessoais, como nome, endere\u00e7o, telefone, e-mail, dados de navega\u00e7\u00e3o e localiza\u00e7\u00e3o, quando voc\u00ea interage com o nosso site ou se inscreve em nossa lista de e-mails.<\/p><p>Finalidade da coleta de informa\u00e7\u00f5es pessoais<\/p><p>As informa\u00e7\u00f5es pessoais coletadas ser\u00e3o usadas para presta\u00e7\u00e3o de servi\u00e7os, envio de newsletters e promo\u00e7\u00e3o de nossos produtos. Tamb\u00e9m podemos usar essas informa\u00e7\u00f5es para personalizar sua experi\u00eancia de navega\u00e7\u00e3o no nosso site e melhorar nosso atendimento.<\/p><p>Uso dos dados pessoais<\/p><p>As informa\u00e7\u00f5es pessoais coletadas ser\u00e3o usadas exclusivamente para fins internos da empresa e n\u00e3o ser\u00e3o compartilhadas com terceiros, exceto quando necess\u00e1rio para o cumprimento de obriga\u00e7\u00f5es legais.<\/p><p>Armazenamento e prote\u00e7\u00e3o dos dados pessoais<\/p><p>Os dados s\u00e3o armazenados em servidores seguros e acessados apenas por pessoal autorizado. Implementamos medidas t\u00e9cnicas e organizacionais para proteger os dados pessoais contra perda, roubo, acesso n\u00e3o autorizado, divulga\u00e7\u00e3o, altera\u00e7\u00e3o e destrui\u00e7\u00e3o.<\/p><p>Per\u00edodo de reten\u00e7\u00e3o dos dados pessoais<\/p><p>Os dados ser\u00e3o mantidos em nosso banco de dados pelo per\u00edodo de 5 anos, ou at\u00e9 que o titular solicite a exclus\u00e3o dos mesmos.<\/p><p>Direitos dos titulares de dados<\/p><p>Os titulares dos dados t\u00eam o direito de acessar, retificar, excluir, portar e se opor ao processamento de seus dados pessoais. Esses direitos podem ser exercidos a qualquer momento, entrando em contato conosco atrav\u00e9s do e-mail comercial@acocort.com.br.<\/p><p>Cookies<\/p><p>Usamos cookies para personalizar a experi\u00eancia do usu\u00e1rio, fornecer conte\u00fado personalizado e analisar o tr\u00e1fego do site. Os cookies podem ser desativados a qualquer momento nas configura\u00e7\u00f5es do navegador.<\/p><p>Altera\u00e7\u00f5es nesta Pol\u00edtica de Privacidade<\/p><p>Podemos atualizar esta Pol\u00edtica de Privacidade de tempos em tempos. A \u00faltima vers\u00e3o ser\u00e1 sempre publicada em nosso site e entrar\u00e1 em vigor imediatamente ap\u00f3s a publica\u00e7\u00e3o.<\/p><p>Ao utilizar nosso site, voc\u00ea concorda com esta Pol\u00edtica de Privacidade. Se tiver alguma d\u00favida sobre a coleta e uso de suas informa\u00e7\u00f5es pessoais, entre em contato conosco atrav\u00e9s do e-mail:\u00a0<a style=\"color: #d6b771;\" href=\"mailto:contato@piradecore.com.br\" target=\"_blank\" rel=\"noopener\"><strong>contato@piradecore.com.br<\/strong><\/a><\/p>\t\t\t\t\t\t<\/div>\n\t\t\t\t<\/div>\n\t\t\t\t\t<\/div>\n\t\t\t\t<\/div>\n\t\t\t\t<\/div>\n\t\t","protected":false},"excerpt":{"rendered":"<p>POL\u00cdTICA DE PRIVACIDADE A sua privacidade \u00e9 importante para n\u00f3s. Esta Pol\u00edtica de Privacidade explica como coletamos, usamos e protegemos as informa\u00e7\u00f5es pessoais que voc\u00ea fornece ao acessar nosso site. De acordo com a\u00a0Lei Geral de Prote\u00e7\u00e3o de Dados Pessoais (LGPD), toda pessoa tem o direito \u00e0 informa\u00e7\u00e3o, \u00e0 transpar\u00eancia, \u00e0 liberdade e \u00e0 autonomia [&hellip;]<\/p>\n","protected":false},"author":1,"featured_media":0,"parent":0,"menu_order":0,"comment_status":"closed","ping_status":"closed","template":"elementor_header_footer","meta":{"footnotes":""},"class_list":["post-778","page","type-page","status-publish","hentry"],"_links":{"self":[{"href":"https:\/\/piradecore.com.br\/index.php?rest_route=\/wp\/v2\/pages\/778","targetHints":{"allow":["GET"]}}],"collection":[{"href":"https:\/\/piradecore.com.br\/index.php?rest_route=\/wp\/v2\/pages"}],"about":[{"href":"https:\/\/piradecore.com.br\/index.php?rest_route=\/wp\/v2\/types\/page"}],"author":[{"embeddable":true,"href":"https:\/\/piradecore.com.br\/index.php?rest_route=\/wp\/v2\/users\/1"}],"replies":[{"embeddable":true,"href":"https:\/\/piradecore.com.br\/index.php?rest_route=%2Fwp%2Fv2%2Fcomments&post=778"}],"version-history":[{"count":4,"href":"https:\/\/piradecore.com.br\/index.php?rest_route=\/wp\/v2\/pages\/778\/revisions"}],"predecessor-version":[{"id":783,"href":"https:\/\/piradecore.com.br\/index.php?rest_route=\/wp\/v2\/pages\/778\/revisions\/783"}],"wp:attachment":[{"href":"https:\/\/piradecore.com.br\/index.php?rest_route=%2Fwp%2Fv2%2Fmedia&parent=778"}],"curies":[{"name":"wp","href":"https:\/\/api.w.org\/{rel}","templated":true}]}}